{"id":967,"date":"2024-10-07T17:28:43","date_gmt":"2024-10-07T17:28:43","guid":{"rendered":"https:\/\/resinartte.com\/?post_type=product&#038;p=967"},"modified":"2025-02-06T11:49:14","modified_gmt":"2025-02-06T11:49:14","slug":"cuadro-nirvana","status":"publish","type":"product","link":"https:\/\/resinartte.com\/en\/product\/cuadro-nirvana\/","title":{"rendered":"Nirvana. \u00abEstado supremo de felicidad plena que alcanza\u00a0el\u00a0alma\u00bb"},"content":{"rendered":"<p>La obra de arte Nirvana representa un fondo marino de arrecife de coral es una pieza vibrante y detallada que captura la esencia de la vida submarina con una impresionante fidelidad y creatividad. A trav\u00e9s del uso de la resina, se logra una superficie brillante y transl\u00facida, lo que otorga profundidad y un efecto casi tridimensional, como si se estuviera observando directamente a trav\u00e9s del agua.<\/p>\n<p>Nirvana transmite una sensaci\u00f3n de inmersi\u00f3n, como si el espectador estuviera buceando en un arrecife de coral. La luz parece filtrarse a trav\u00e9s del \u00abagua\u00bb, creando efectos de sombra y luz que a\u00f1aden dinamismo a la escena.<\/p>\n<p>Esta obra de arte en resina no solo es un homenaje a la belleza de los arrecifes de coral, sino que tambi\u00e9n sirve como un recordatorio visual de la fragilidad de estos ecosistemas.<\/p>","protected":false},"excerpt":{"rendered":"<p>Handmade<\/p>\n<p><strong>Shipping:\u00a0<\/strong>Ships from a small business in Spain<\/p>\n<p><strong>Materials:\u00a0<\/strong>Reinforced DMF and resin.<\/p>\n<p><strong>Measurements:\u00a0<\/strong>Circumference 80 centimeters, Depth 12 cm<\/p>\n<p><strong>Description<\/strong><strong>\u00f3<\/strong><strong>n:<\/strong>\u00a0Large 3D resin ocean wall art. This piece is a feeling that arises unconsciously when someone feels romantically attracted to another person.<strong>.<\/strong><\/p>\n<p>It is ready to hang in that special place.<\/p>\n<p><strong>If you wish to see the artworks before shipping, I will gladly send you photos of each piece.<\/strong><\/p>","protected":false},"featured_media":959,"comment_status":"open","ping_status":"closed","template":"","meta":{"_acf_changed":false,"inline_featured_image":false,"_monsterinsights_skip_tracking":false,"_monsterinsights_sitenote_active":false,"_monsterinsights_sitenote_note":"","_monsterinsights_sitenote_category":0},"product_brand":[],"product_cat":[26],"product_tag":[],"class_list":{"0":"post-967","1":"product","2":"type-product","3":"status-publish","4":"has-post-thumbnail","6":"product_cat-obras-en-curso","8":"first","9":"instock","10":"taxable","11":"shipping-taxable","12":"purchasable","13":"product-type-simple"},"acf":[],"aioseo_notices":[],"yoast_head":"<!-- This site is optimized with the Yoast SEO plugin v26.4 - https:\/\/yoast.com\/wordpress\/plugins\/seo\/ -->\n<title>Nirvana. &quot;Estado supremo de felicidad plena que alcanza\u00a0el\u00a0alma&quot; - Tiffanie Epitie Resinartte<\/title>\n<meta name=\"description\" content=\"Arte de pared de oc\u00e9ano de resina grande 3D, decoraci\u00f3n de pared de sal\u00f3n de pintura moderna, decoraci\u00f3n costera, regalo para el hogar para el nuevo hogar\" \/>\n<meta name=\"robots\" content=\"index, follow, max-snippet:-1, max-image-preview:large, max-video-preview:-1\" \/>\n<link rel=\"canonical\" href=\"https:\/\/resinartte.com\/en\/product\/cuadro-nirvana\/\" \/>\n<meta property=\"og:locale\" content=\"en_GB\" \/>\n<meta property=\"og:type\" content=\"article\" \/>\n<meta property=\"og:title\" content=\"Nirvana. &quot;Estado supremo de felicidad plena que alcanza\u00a0el\u00a0alma&quot; - Tiffanie Epitie Resinartte\" \/>\n<meta property=\"og:description\" content=\"Arte de pared de oc\u00e9ano de resina grande 3D, decoraci\u00f3n de pared de sal\u00f3n de pintura moderna, decoraci\u00f3n costera, regalo para el hogar para el nuevo hogar\" \/>\n<meta property=\"og:url\" content=\"https:\/\/resinartte.com\/en\/product\/cuadro-nirvana\/\" \/>\n<meta property=\"og:site_name\" content=\"Tiffanie Epitie Resinartte\" \/>\n<meta property=\"article:modified_time\" content=\"2025-02-06T11:49:14+00:00\" \/>\n<meta property=\"og:image\" content=\"https:\/\/resinartte.com\/wp-content\/uploads\/2024\/10\/3b8d5f8b-87c1-48e7-8f34-69cb091ff0fa-e1728067995377.jpg\" \/>\n\t<meta property=\"og:image:width\" content=\"1256\" \/>\n\t<meta property=\"og:image:height\" content=\"1056\" \/>\n\t<meta property=\"og:image:type\" content=\"image\/jpeg\" \/>\n<meta name=\"twitter:card\" content=\"summary_large_image\" \/>\n<meta name=\"twitter:label1\" content=\"Estimated reading time\" \/>\n\t<meta name=\"twitter:data1\" content=\"1 minute\" \/>\n<script type=\"application\/ld+json\" class=\"yoast-schema-graph\">{\"@context\":\"https:\/\/schema.org\",\"@graph\":[{\"@type\":\"WebPage\",\"@id\":\"https:\/\/resinartte.com\/producto\/cuadro-nirvana\/\",\"url\":\"https:\/\/resinartte.com\/producto\/cuadro-nirvana\/\",\"name\":\"Nirvana. \\\"Estado supremo de felicidad plena que alcanza\u00a0el\u00a0alma\\\" - Tiffanie Epitie Resinartte\",\"isPartOf\":{\"@id\":\"https:\/\/resinartte.com\/#website\"},\"primaryImageOfPage\":{\"@id\":\"https:\/\/resinartte.com\/producto\/cuadro-nirvana\/#primaryimage\"},\"image\":{\"@id\":\"https:\/\/resinartte.com\/producto\/cuadro-nirvana\/#primaryimage\"},\"thumbnailUrl\":\"https:\/\/resinartte.com\/wp-content\/uploads\/2024\/10\/3b8d5f8b-87c1-48e7-8f34-69cb091ff0fa-e1728067995377.jpg\",\"datePublished\":\"2024-10-07T17:28:43+00:00\",\"dateModified\":\"2025-02-06T11:49:14+00:00\",\"description\":\"Arte de pared de oc\u00e9ano de resina grande 3D, decoraci\u00f3n de pared de sal\u00f3n de pintura moderna, decoraci\u00f3n costera, regalo para el hogar para el nuevo hogar\",\"breadcrumb\":{\"@id\":\"https:\/\/resinartte.com\/producto\/cuadro-nirvana\/#breadcrumb\"},\"inLanguage\":\"en-GB\",\"potentialAction\":[{\"@type\":\"ReadAction\",\"target\":[\"https:\/\/resinartte.com\/producto\/cuadro-nirvana\/\"]}]},{\"@type\":\"ImageObject\",\"inLanguage\":\"en-GB\",\"@id\":\"https:\/\/resinartte.com\/producto\/cuadro-nirvana\/#primaryimage\",\"url\":\"https:\/\/resinartte.com\/wp-content\/uploads\/2024\/10\/3b8d5f8b-87c1-48e7-8f34-69cb091ff0fa-e1728067995377.jpg\",\"contentUrl\":\"https:\/\/resinartte.com\/wp-content\/uploads\/2024\/10\/3b8d5f8b-87c1-48e7-8f34-69cb091ff0fa-e1728067995377.jpg\",\"width\":1256,\"height\":1056,\"caption\":\"Imagen de un cuadro de Resinartte\"},{\"@type\":\"BreadcrumbList\",\"@id\":\"https:\/\/resinartte.com\/producto\/cuadro-nirvana\/#breadcrumb\",\"itemListElement\":[{\"@type\":\"ListItem\",\"position\":1,\"name\":\"Portada\",\"item\":\"https:\/\/resinartte.com\/\"},{\"@type\":\"ListItem\",\"position\":2,\"name\":\"Tienda\",\"item\":\"https:\/\/resinartte.com\/tienda\/\"},{\"@type\":\"ListItem\",\"position\":3,\"name\":\"Nirvana. \u00abEstado supremo de felicidad plena que alcanza\u00a0el\u00a0alma\u00bb\"}]},{\"@type\":\"WebSite\",\"@id\":\"https:\/\/resinartte.com\/#website\",\"url\":\"https:\/\/resinartte.com\/\",\"name\":\"Tiffanie Epitie Resinartte\",\"description\":\"\",\"publisher\":{\"@id\":\"https:\/\/resinartte.com\/#organization\"},\"potentialAction\":[{\"@type\":\"SearchAction\",\"target\":{\"@type\":\"EntryPoint\",\"urlTemplate\":\"https:\/\/resinartte.com\/?s={search_term_string}\"},\"query-input\":{\"@type\":\"PropertyValueSpecification\",\"valueRequired\":true,\"valueName\":\"search_term_string\"}}],\"inLanguage\":\"en-GB\"},{\"@type\":\"Organization\",\"@id\":\"https:\/\/resinartte.com\/#organization\",\"name\":\"Tiffanie Epitie Resinartte\",\"url\":\"https:\/\/resinartte.com\/\",\"logo\":{\"@type\":\"ImageObject\",\"inLanguage\":\"en-GB\",\"@id\":\"https:\/\/resinartte.com\/#\/schema\/logo\/image\/\",\"url\":\"https:\/\/resinartte.com\/wp-content\/uploads\/2024\/05\/Transparente.svg\",\"contentUrl\":\"https:\/\/resinartte.com\/wp-content\/uploads\/2024\/05\/Transparente.svg\",\"width\":4077,\"height\":4096,\"caption\":\"Tiffanie Epitie Resinartte\"},\"image\":{\"@id\":\"https:\/\/resinartte.com\/#\/schema\/logo\/image\/\"}}]}<\/script>\n<!-- \/ Yoast SEO plugin. -->","yoast_head_json":{"title":"Nirvana. \"Estado supremo de felicidad plena que alcanza\u00a0el\u00a0alma\" - Tiffanie Epitie Resinartte","description":"Arte de pared de oc\u00e9ano de resina grande 3D, decoraci\u00f3n de pared de sal\u00f3n de pintura moderna, decoraci\u00f3n costera, regalo para el hogar para el nuevo hogar","robots":{"index":"index","follow":"follow","max-snippet":"max-snippet:-1","max-image-preview":"max-image-preview:large","max-video-preview":"max-video-preview:-1"},"canonical":"https:\/\/resinartte.com\/en\/product\/cuadro-nirvana\/","og_locale":"en_GB","og_type":"article","og_title":"Nirvana. \"Estado supremo de felicidad plena que alcanza\u00a0el\u00a0alma\" - Tiffanie Epitie Resinartte","og_description":"Arte de pared de oc\u00e9ano de resina grande 3D, decoraci\u00f3n de pared de sal\u00f3n de pintura moderna, decoraci\u00f3n costera, regalo para el hogar para el nuevo hogar","og_url":"https:\/\/resinartte.com\/en\/product\/cuadro-nirvana\/","og_site_name":"Tiffanie Epitie Resinartte","article_modified_time":"2025-02-06T11:49:14+00:00","og_image":[{"width":1256,"height":1056,"url":"https:\/\/resinartte.com\/wp-content\/uploads\/2024\/10\/3b8d5f8b-87c1-48e7-8f34-69cb091ff0fa-e1728067995377.jpg","type":"image\/jpeg"}],"twitter_card":"summary_large_image","twitter_misc":{"Estimated reading time":"1 minute"},"schema":{"@context":"https:\/\/schema.org","@graph":[{"@type":"WebPage","@id":"https:\/\/resinartte.com\/producto\/cuadro-nirvana\/","url":"https:\/\/resinartte.com\/producto\/cuadro-nirvana\/","name":"Nirvana. \"Estado supremo de felicidad plena que alcanza\u00a0el\u00a0alma\" - Tiffanie Epitie Resinartte","isPartOf":{"@id":"https:\/\/resinartte.com\/#website"},"primaryImageOfPage":{"@id":"https:\/\/resinartte.com\/producto\/cuadro-nirvana\/#primaryimage"},"image":{"@id":"https:\/\/resinartte.com\/producto\/cuadro-nirvana\/#primaryimage"},"thumbnailUrl":"https:\/\/resinartte.com\/wp-content\/uploads\/2024\/10\/3b8d5f8b-87c1-48e7-8f34-69cb091ff0fa-e1728067995377.jpg","datePublished":"2024-10-07T17:28:43+00:00","dateModified":"2025-02-06T11:49:14+00:00","description":"Arte de pared de oc\u00e9ano de resina grande 3D, decoraci\u00f3n de pared de sal\u00f3n de pintura moderna, decoraci\u00f3n costera, regalo para el hogar para el nuevo hogar","breadcrumb":{"@id":"https:\/\/resinartte.com\/producto\/cuadro-nirvana\/#breadcrumb"},"inLanguage":"en-GB","potentialAction":[{"@type":"ReadAction","target":["https:\/\/resinartte.com\/producto\/cuadro-nirvana\/"]}]},{"@type":"ImageObject","inLanguage":"en-GB","@id":"https:\/\/resinartte.com\/producto\/cuadro-nirvana\/#primaryimage","url":"https:\/\/resinartte.com\/wp-content\/uploads\/2024\/10\/3b8d5f8b-87c1-48e7-8f34-69cb091ff0fa-e1728067995377.jpg","contentUrl":"https:\/\/resinartte.com\/wp-content\/uploads\/2024\/10\/3b8d5f8b-87c1-48e7-8f34-69cb091ff0fa-e1728067995377.jpg","width":1256,"height":1056,"caption":"Imagen de un cuadro de Resinartte"},{"@type":"BreadcrumbList","@id":"https:\/\/resinartte.com\/producto\/cuadro-nirvana\/#breadcrumb","itemListElement":[{"@type":"ListItem","position":1,"name":"Portada","item":"https:\/\/resinartte.com\/"},{"@type":"ListItem","position":2,"name":"Tienda","item":"https:\/\/resinartte.com\/tienda\/"},{"@type":"ListItem","position":3,"name":"Nirvana. \u00abEstado supremo de felicidad plena que alcanza\u00a0el\u00a0alma\u00bb"}]},{"@type":"WebSite","@id":"https:\/\/resinartte.com\/#website","url":"https:\/\/resinartte.com\/","name":"Tiffanie Epitie Resinartte","description":"","publisher":{"@id":"https:\/\/resinartte.com\/#organization"},"potentialAction":[{"@type":"SearchAction","target":{"@type":"EntryPoint","urlTemplate":"https:\/\/resinartte.com\/?s={search_term_string}"},"query-input":{"@type":"PropertyValueSpecification","valueRequired":true,"valueName":"search_term_string"}}],"inLanguage":"en-GB"},{"@type":"Organization","@id":"https:\/\/resinartte.com\/#organization","name":"Tiffanie Epitie Resinartte","url":"https:\/\/resinartte.com\/","logo":{"@type":"ImageObject","inLanguage":"en-GB","@id":"https:\/\/resinartte.com\/#\/schema\/logo\/image\/","url":"https:\/\/resinartte.com\/wp-content\/uploads\/2024\/05\/Transparente.svg","contentUrl":"https:\/\/resinartte.com\/wp-content\/uploads\/2024\/05\/Transparente.svg","width":4077,"height":4096,"caption":"Tiffanie Epitie Resinartte"},"image":{"@id":"https:\/\/resinartte.com\/#\/schema\/logo\/image\/"}}]}},"jetpack_sharing_enabled":true,"_links":{"self":[{"href":"https:\/\/resinartte.com\/en\/wp-json\/wp\/v2\/product\/967","targetHints":{"allow":["GET"]}}],"collection":[{"href":"https:\/\/resinartte.com\/en\/wp-json\/wp\/v2\/product"}],"about":[{"href":"https:\/\/resinartte.com\/en\/wp-json\/wp\/v2\/types\/product"}],"replies":[{"embeddable":true,"href":"https:\/\/resinartte.com\/en\/wp-json\/wp\/v2\/comments?post=967"}],"wp:featuredmedia":[{"embeddable":true,"href":"https:\/\/resinartte.com\/en\/wp-json\/wp\/v2\/media\/959"}],"wp:attachment":[{"href":"https:\/\/resinartte.com\/en\/wp-json\/wp\/v2\/media?parent=967"}],"wp:term":[{"taxonomy":"product_brand","embeddable":true,"href":"https:\/\/resinartte.com\/en\/wp-json\/wp\/v2\/product_brand?post=967"},{"taxonomy":"product_cat","embeddable":true,"href":"https:\/\/resinartte.com\/en\/wp-json\/wp\/v2\/product_cat?post=967"},{"taxonomy":"product_tag","embeddable":true,"href":"https:\/\/resinartte.com\/en\/wp-json\/wp\/v2\/product_tag?post=967"}],"curies":[{"name":"wp","href":"https:\/\/api.w.org\/{rel}","templated":true}]}}