{"id":941,"date":"2024-07-18T16:59:26","date_gmt":"2024-07-18T16:59:26","guid":{"rendered":"https:\/\/resinartte.com\/?post_type=product&#038;p=941"},"modified":"2024-10-07T18:37:35","modified_gmt":"2024-10-07T18:37:35","slug":"merak-la-sensacion-de-disfrutar-y-apreciar-las-pequenas-cosas-de-la-vida","status":"publish","type":"product","link":"https:\/\/resinartte.com\/en\/product\/merak-la-sensacion-de-disfrutar-y-apreciar-las-pequenas-cosas-de-la-vida\/","title":{"rendered":"Merak (La sensaci\u00f3n de disfrutar y apreciar las peque\u00f1as cosas de la vida)"},"content":{"rendered":"<p>Merak<\/p>\n<p><strong>Materiales y T\u00e9cnicas:<\/strong><\/p>\n<ul>\n<li style=\"list-style-type: none\">\n<ul>\n<li><strong>Resina Transparente y Coloreada:<\/strong> La obra utiliza resina transparente para crear un efecto de profundidad y luminosidad. Algunos segmentos pueden estar coloreados con tonos suaves y brillantes, que representan la alegr\u00eda y la ligereza.<\/li>\n<li><strong>Base en madera DMF reforzada.<\/strong><\/li>\n<\/ul>\n<\/li>\n<\/ul>\n<p><strong>Descripci\u00f3n de la obra:<\/strong><\/p>\n<p>La obra de arte en resina llamada \u00abMerak\u00bb un t\u00e9rmino de origen serbio, en particular se refiere precisamente a ese placer sutil que se obtiene de los peque\u00f1os placeres cotidianos. Esta obra se caracteriza por sus detalles minuciosos y su uso innovador de la resina, un material vers\u00e1til y brillante que permite una expresi\u00f3n art\u00edstica vibrante y din\u00e1mica.<\/p>\n<p><strong>Shipping:<\/strong> Se env\u00eda desde Espa\u00f1a<\/p>\n<p><strong>Medidas en cm.:<\/strong><\/p>\n<p>Tama\u00f1o 50 cm \/20 pulgadas<\/p>\n<p>Profundidad: 2,4 cm<\/p>\n<p><strong>Tema y Concepto:<\/strong><\/p>\n<ul>\n<li><strong>Celebraci\u00f3n de lo Cotidiano:<\/strong> La obra invita al espectador a detenerse y apreciar las peque\u00f1as cosas que hacen que la vida sea significativa.<\/li>\n<li><strong>Interacci\u00f3n con la Luz:<\/strong> La resina transparente y coloreada interact\u00faa con la luz de manera que la pieza parece brillar desde dentro, simbolizando la luz interior que brilla cuando uno aprecia las peque\u00f1as cosas.<\/li>\n<\/ul>\n<p>\u00abMerak\u00bb es m\u00e1s que una simple escultura; es una invitaci\u00f3n a redescubrir y celebrar la belleza en lo cotidiano. A trav\u00e9s de su uso magistral de la resina y su dise\u00f1o evocador, esta obra de arte captura la esencia de esos momentos fugaces pero preciosos que a menudo definen nuestra felicidad.<\/p>\n<p>&nbsp;<\/p>","protected":false},"excerpt":{"rendered":"<p><strong>Materiales y T\u00e9cnicas:<\/strong><\/p>\n<ul>\n<li style=\"list-style-type: none\">\n<ul>\n<li><strong>Resina Transparente y Coloreada:<\/strong> La obra utiliza resina transparente para crear un efecto de profundidad y luminosidad. Algunos segmentos pueden estar coloreados con tonos suaves y brillantes, que representan la alegr\u00eda y la ligereza.<\/li>\n<li><strong>Base en madera DMF reforzada.<\/strong><\/li>\n<\/ul>\n<\/li>\n<\/ul>\n<p><strong>Descripci\u00f3n de la obra:<\/strong><\/p>\n<p>La obra de arte en resina llamada \u00abMerak\u00bb un t\u00e9rmino de origen serbio, en particular se refiere precisamente a ese placer sutil que se obtiene de los peque\u00f1os placeres cotidianos. Esta obra se caracteriza por sus detalles minuciosos y su uso innovador de la resina, un material vers\u00e1til y brillante que permite una expresi\u00f3n art\u00edstica vibrante y din\u00e1mica.<\/p>\n<p><strong>Shipping:<\/strong> Se env\u00eda desde Espa\u00f1a<\/p>\n<p><strong>Medidas en cm.:<\/strong><\/p>\n<p>Tama\u00f1o 50 cm \/20 pulgadas<\/p>\n<p>Profundidad: 2,4 cm<\/p>\n<p><strong>Tema y Concepto:<\/strong><\/p>\n<ul>\n<li><strong>Celebraci\u00f3n de lo Cotidiano:<\/strong> La obra invita al espectador a detenerse y apreciar las peque\u00f1as cosas que hacen que la vida sea significativa.<\/li>\n<li><strong>Interacci\u00f3n con la Luz:<\/strong> La resina transparente y coloreada interact\u00faa con la luz de manera que la pieza parece brillar desde dentro, simbolizando la luz interior que brilla cuando uno aprecia las peque\u00f1as cosas.<\/li>\n<\/ul>\n<p>\u00abMerak\u00bb es m\u00e1s que una simple escultura; es una invitaci\u00f3n a redescubrir y celebrar la belleza en lo cotidiano. A trav\u00e9s de su uso magistral de la resina y su dise\u00f1o evocador, esta obra de arte captura la esencia de esos momentos fugaces pero preciosos que a menudo definen nuestra felicidad.<\/p>\n<p>&nbsp;<\/p>","protected":false},"featured_media":972,"comment_status":"open","ping_status":"closed","template":"","meta":{"_acf_changed":false,"inline_featured_image":false,"_monsterinsights_skip_tracking":false,"_monsterinsights_sitenote_active":false,"_monsterinsights_sitenote_note":"","_monsterinsights_sitenote_category":0},"product_brand":[],"product_cat":[26],"product_tag":[],"class_list":{"0":"post-941","1":"product","2":"type-product","3":"status-publish","4":"has-post-thumbnail","6":"product_cat-obras-en-curso","8":"first","9":"instock","10":"taxable","11":"shipping-taxable","12":"purchasable","13":"product-type-simple"},"acf":[],"aioseo_notices":[],"yoast_head":"<!-- This site is optimized with the Yoast SEO plugin v26.4 - https:\/\/yoast.com\/wordpress\/plugins\/seo\/ -->\n<title>Merak (La sensaci\u00f3n de disfrutar y apreciar las peque\u00f1as cosas de la vida) - Tiffanie Epitie Resinartte<\/title>\n<meta name=\"description\" content=\"&quot;Descubre &#039;Merak&#039;, una obra de arte en resina que captura la esencia de disfrutar las peque\u00f1as cosas de la vida. Perfecta para a\u00f1adir belleza y significado a cualquier espacio.&quot;\" \/>\n<meta name=\"robots\" content=\"index, follow, max-snippet:-1, max-image-preview:large, max-video-preview:-1\" \/>\n<link rel=\"canonical\" href=\"https:\/\/resinartte.com\/en\/product\/merak-la-sensacion-de-disfrutar-y-apreciar-las-pequenas-cosas-de-la-vida\/\" \/>\n<meta property=\"og:locale\" content=\"en_GB\" \/>\n<meta property=\"og:type\" content=\"article\" \/>\n<meta property=\"og:title\" content=\"Merak (La sensaci\u00f3n de disfrutar y apreciar las peque\u00f1as cosas de la vida) - Tiffanie Epitie Resinartte\" \/>\n<meta property=\"og:description\" content=\"&quot;Descubre &#039;Merak&#039;, una obra de arte en resina que captura la esencia de disfrutar las peque\u00f1as cosas de la vida. Perfecta para a\u00f1adir belleza y significado a cualquier espacio.&quot;\" \/>\n<meta property=\"og:url\" content=\"https:\/\/resinartte.com\/en\/product\/merak-la-sensacion-de-disfrutar-y-apreciar-las-pequenas-cosas-de-la-vida\/\" \/>\n<meta property=\"og:site_name\" content=\"Tiffanie Epitie Resinartte\" \/>\n<meta property=\"article:modified_time\" content=\"2024-10-07T18:37:35+00:00\" \/>\n<meta property=\"og:image\" content=\"https:\/\/resinartte.com\/wp-content\/uploads\/2024\/10\/img_9467-768x1024.png\" \/>\n\t<meta property=\"og:image:width\" content=\"768\" \/>\n\t<meta property=\"og:image:height\" content=\"1024\" \/>\n\t<meta property=\"og:image:type\" content=\"image\/png\" \/>\n<meta name=\"twitter:card\" content=\"summary_large_image\" \/>\n<meta name=\"twitter:label1\" content=\"Estimated reading time\" \/>\n\t<meta name=\"twitter:data1\" content=\"2 minutes\" \/>\n<script type=\"application\/ld+json\" class=\"yoast-schema-graph\">{\"@context\":\"https:\/\/schema.org\",\"@graph\":[{\"@type\":\"WebPage\",\"@id\":\"https:\/\/resinartte.com\/producto\/merak-la-sensacion-de-disfrutar-y-apreciar-las-pequenas-cosas-de-la-vida\/\",\"url\":\"https:\/\/resinartte.com\/producto\/merak-la-sensacion-de-disfrutar-y-apreciar-las-pequenas-cosas-de-la-vida\/\",\"name\":\"Merak (La sensaci\u00f3n de disfrutar y apreciar las peque\u00f1as cosas de la vida) - Tiffanie Epitie Resinartte\",\"isPartOf\":{\"@id\":\"https:\/\/resinartte.com\/#website\"},\"primaryImageOfPage\":{\"@id\":\"https:\/\/resinartte.com\/producto\/merak-la-sensacion-de-disfrutar-y-apreciar-las-pequenas-cosas-de-la-vida\/#primaryimage\"},\"image\":{\"@id\":\"https:\/\/resinartte.com\/producto\/merak-la-sensacion-de-disfrutar-y-apreciar-las-pequenas-cosas-de-la-vida\/#primaryimage\"},\"thumbnailUrl\":\"https:\/\/resinartte.com\/wp-content\/uploads\/2024\/10\/img_9467.png\",\"datePublished\":\"2024-07-18T16:59:26+00:00\",\"dateModified\":\"2024-10-07T18:37:35+00:00\",\"description\":\"\\\"Descubre 'Merak', una obra de arte en resina que captura la esencia de disfrutar las peque\u00f1as cosas de la vida. Perfecta para a\u00f1adir belleza y significado a cualquier espacio.\\\"\",\"breadcrumb\":{\"@id\":\"https:\/\/resinartte.com\/producto\/merak-la-sensacion-de-disfrutar-y-apreciar-las-pequenas-cosas-de-la-vida\/#breadcrumb\"},\"inLanguage\":\"en-GB\",\"potentialAction\":[{\"@type\":\"ReadAction\",\"target\":[\"https:\/\/resinartte.com\/producto\/merak-la-sensacion-de-disfrutar-y-apreciar-las-pequenas-cosas-de-la-vida\/\"]}]},{\"@type\":\"ImageObject\",\"inLanguage\":\"en-GB\",\"@id\":\"https:\/\/resinartte.com\/producto\/merak-la-sensacion-de-disfrutar-y-apreciar-las-pequenas-cosas-de-la-vida\/#primaryimage\",\"url\":\"https:\/\/resinartte.com\/wp-content\/uploads\/2024\/10\/img_9467.png\",\"contentUrl\":\"https:\/\/resinartte.com\/wp-content\/uploads\/2024\/10\/img_9467.png\",\"width\":1512,\"height\":2016,\"caption\":\"Imagen de un cuadro de Resinartte\"},{\"@type\":\"BreadcrumbList\",\"@id\":\"https:\/\/resinartte.com\/producto\/merak-la-sensacion-de-disfrutar-y-apreciar-las-pequenas-cosas-de-la-vida\/#breadcrumb\",\"itemListElement\":[{\"@type\":\"ListItem\",\"position\":1,\"name\":\"Portada\",\"item\":\"https:\/\/resinartte.com\/\"},{\"@type\":\"ListItem\",\"position\":2,\"name\":\"Tienda\",\"item\":\"https:\/\/resinartte.com\/tienda\/\"},{\"@type\":\"ListItem\",\"position\":3,\"name\":\"Merak (La sensaci\u00f3n de disfrutar y apreciar las peque\u00f1as cosas de la vida)\"}]},{\"@type\":\"WebSite\",\"@id\":\"https:\/\/resinartte.com\/#website\",\"url\":\"https:\/\/resinartte.com\/\",\"name\":\"Tiffanie Epitie Resinartte\",\"description\":\"\",\"publisher\":{\"@id\":\"https:\/\/resinartte.com\/#organization\"},\"potentialAction\":[{\"@type\":\"SearchAction\",\"target\":{\"@type\":\"EntryPoint\",\"urlTemplate\":\"https:\/\/resinartte.com\/?s={search_term_string}\"},\"query-input\":{\"@type\":\"PropertyValueSpecification\",\"valueRequired\":true,\"valueName\":\"search_term_string\"}}],\"inLanguage\":\"en-GB\"},{\"@type\":\"Organization\",\"@id\":\"https:\/\/resinartte.com\/#organization\",\"name\":\"Tiffanie Epitie Resinartte\",\"url\":\"https:\/\/resinartte.com\/\",\"logo\":{\"@type\":\"ImageObject\",\"inLanguage\":\"en-GB\",\"@id\":\"https:\/\/resinartte.com\/#\/schema\/logo\/image\/\",\"url\":\"https:\/\/resinartte.com\/wp-content\/uploads\/2024\/05\/Transparente.svg\",\"contentUrl\":\"https:\/\/resinartte.com\/wp-content\/uploads\/2024\/05\/Transparente.svg\",\"width\":4077,\"height\":4096,\"caption\":\"Tiffanie Epitie Resinartte\"},\"image\":{\"@id\":\"https:\/\/resinartte.com\/#\/schema\/logo\/image\/\"}}]}<\/script>\n<!-- \/ Yoast SEO plugin. -->","yoast_head_json":{"title":"Merak (La sensaci\u00f3n de disfrutar y apreciar las peque\u00f1as cosas de la vida) - Tiffanie Epitie Resinartte","description":"\"Descubre 'Merak', una obra de arte en resina que captura la esencia de disfrutar las peque\\u00f1as cosas de la vida. Perfecta para a\\u00f1adir belleza y significado a cualquier espacio.\"","robots":{"index":"index","follow":"follow","max-snippet":"max-snippet:-1","max-image-preview":"max-image-preview:large","max-video-preview":"max-video-preview:-1"},"canonical":"https:\/\/resinartte.com\/en\/product\/merak-la-sensacion-de-disfrutar-y-apreciar-las-pequenas-cosas-de-la-vida\/","og_locale":"en_GB","og_type":"article","og_title":"Merak (La sensaci\u00f3n de disfrutar y apreciar las peque\u00f1as cosas de la vida) - Tiffanie Epitie Resinartte","og_description":"\"Descubre 'Merak', una obra de arte en resina que captura la esencia de disfrutar las peque\u00f1as cosas de la vida. Perfecta para a\u00f1adir belleza y significado a cualquier espacio.\"","og_url":"https:\/\/resinartte.com\/en\/product\/merak-la-sensacion-de-disfrutar-y-apreciar-las-pequenas-cosas-de-la-vida\/","og_site_name":"Tiffanie Epitie Resinartte","article_modified_time":"2024-10-07T18:37:35+00:00","og_image":[{"width":768,"height":1024,"url":"https:\/\/resinartte.com\/wp-content\/uploads\/2024\/10\/img_9467-768x1024.png","type":"image\/png"}],"twitter_card":"summary_large_image","twitter_misc":{"Estimated reading time":"2 minutes"},"schema":{"@context":"https:\/\/schema.org","@graph":[{"@type":"WebPage","@id":"https:\/\/resinartte.com\/producto\/merak-la-sensacion-de-disfrutar-y-apreciar-las-pequenas-cosas-de-la-vida\/","url":"https:\/\/resinartte.com\/producto\/merak-la-sensacion-de-disfrutar-y-apreciar-las-pequenas-cosas-de-la-vida\/","name":"Merak (La sensaci\u00f3n de disfrutar y apreciar las peque\u00f1as cosas de la vida) - Tiffanie Epitie Resinartte","isPartOf":{"@id":"https:\/\/resinartte.com\/#website"},"primaryImageOfPage":{"@id":"https:\/\/resinartte.com\/producto\/merak-la-sensacion-de-disfrutar-y-apreciar-las-pequenas-cosas-de-la-vida\/#primaryimage"},"image":{"@id":"https:\/\/resinartte.com\/producto\/merak-la-sensacion-de-disfrutar-y-apreciar-las-pequenas-cosas-de-la-vida\/#primaryimage"},"thumbnailUrl":"https:\/\/resinartte.com\/wp-content\/uploads\/2024\/10\/img_9467.png","datePublished":"2024-07-18T16:59:26+00:00","dateModified":"2024-10-07T18:37:35+00:00","description":"\"Descubre 'Merak', una obra de arte en resina que captura la esencia de disfrutar las peque\\u00f1as cosas de la vida. Perfecta para a\\u00f1adir belleza y significado a cualquier espacio.\"","breadcrumb":{"@id":"https:\/\/resinartte.com\/producto\/merak-la-sensacion-de-disfrutar-y-apreciar-las-pequenas-cosas-de-la-vida\/#breadcrumb"},"inLanguage":"en-GB","potentialAction":[{"@type":"ReadAction","target":["https:\/\/resinartte.com\/producto\/merak-la-sensacion-de-disfrutar-y-apreciar-las-pequenas-cosas-de-la-vida\/"]}]},{"@type":"ImageObject","inLanguage":"en-GB","@id":"https:\/\/resinartte.com\/producto\/merak-la-sensacion-de-disfrutar-y-apreciar-las-pequenas-cosas-de-la-vida\/#primaryimage","url":"https:\/\/resinartte.com\/wp-content\/uploads\/2024\/10\/img_9467.png","contentUrl":"https:\/\/resinartte.com\/wp-content\/uploads\/2024\/10\/img_9467.png","width":1512,"height":2016,"caption":"Imagen de un cuadro de Resinartte"},{"@type":"BreadcrumbList","@id":"https:\/\/resinartte.com\/producto\/merak-la-sensacion-de-disfrutar-y-apreciar-las-pequenas-cosas-de-la-vida\/#breadcrumb","itemListElement":[{"@type":"ListItem","position":1,"name":"Portada","item":"https:\/\/resinartte.com\/"},{"@type":"ListItem","position":2,"name":"Tienda","item":"https:\/\/resinartte.com\/tienda\/"},{"@type":"ListItem","position":3,"name":"Merak (La sensaci\u00f3n de disfrutar y apreciar las peque\u00f1as cosas de la vida)"}]},{"@type":"WebSite","@id":"https:\/\/resinartte.com\/#website","url":"https:\/\/resinartte.com\/","name":"Tiffanie Epitie Resinartte","description":"","publisher":{"@id":"https:\/\/resinartte.com\/#organization"},"potentialAction":[{"@type":"SearchAction","target":{"@type":"EntryPoint","urlTemplate":"https:\/\/resinartte.com\/?s={search_term_string}"},"query-input":{"@type":"PropertyValueSpecification","valueRequired":true,"valueName":"search_term_string"}}],"inLanguage":"en-GB"},{"@type":"Organization","@id":"https:\/\/resinartte.com\/#organization","name":"Tiffanie Epitie Resinartte","url":"https:\/\/resinartte.com\/","logo":{"@type":"ImageObject","inLanguage":"en-GB","@id":"https:\/\/resinartte.com\/#\/schema\/logo\/image\/","url":"https:\/\/resinartte.com\/wp-content\/uploads\/2024\/05\/Transparente.svg","contentUrl":"https:\/\/resinartte.com\/wp-content\/uploads\/2024\/05\/Transparente.svg","width":4077,"height":4096,"caption":"Tiffanie Epitie Resinartte"},"image":{"@id":"https:\/\/resinartte.com\/#\/schema\/logo\/image\/"}}]}},"jetpack_sharing_enabled":true,"_links":{"self":[{"href":"https:\/\/resinartte.com\/en\/wp-json\/wp\/v2\/product\/941","targetHints":{"allow":["GET"]}}],"collection":[{"href":"https:\/\/resinartte.com\/en\/wp-json\/wp\/v2\/product"}],"about":[{"href":"https:\/\/resinartte.com\/en\/wp-json\/wp\/v2\/types\/product"}],"replies":[{"embeddable":true,"href":"https:\/\/resinartte.com\/en\/wp-json\/wp\/v2\/comments?post=941"}],"wp:featuredmedia":[{"embeddable":true,"href":"https:\/\/resinartte.com\/en\/wp-json\/wp\/v2\/media\/972"}],"wp:attachment":[{"href":"https:\/\/resinartte.com\/en\/wp-json\/wp\/v2\/media?parent=941"}],"wp:term":[{"taxonomy":"product_brand","embeddable":true,"href":"https:\/\/resinartte.com\/en\/wp-json\/wp\/v2\/product_brand?post=941"},{"taxonomy":"product_cat","embeddable":true,"href":"https:\/\/resinartte.com\/en\/wp-json\/wp\/v2\/product_cat?post=941"},{"taxonomy":"product_tag","embeddable":true,"href":"https:\/\/resinartte.com\/en\/wp-json\/wp\/v2\/product_tag?post=941"}],"curies":[{"name":"wp","href":"https:\/\/api.w.org\/{rel}","templated":true}]}}