{"id":697,"date":"2024-03-15T13:00:18","date_gmt":"2024-03-15T13:00:18","guid":{"rendered":"https:\/\/resinartte.com\/?post_type=product&#038;p=697"},"modified":"2024-03-20T10:05:42","modified_gmt":"2024-03-20T10:05:42","slug":"cuadro-prema","status":"publish","type":"product","link":"https:\/\/resinartte.com\/en\/product\/cuadro-prema\/","title":{"rendered":"CUADRO PREMA"},"content":{"rendered":"","protected":false},"excerpt":{"rendered":"<p>Amor en su forma m\u00e1s pura, desinteresada e incondicional que se brinda sin esperar nada a cambio.<br \/>\nObra de 60cm base DMF enganche listo para su puesta en destino.\ud83e\udef6\ud83c\udffc<\/p>\n<p>Arte de pared de oc\u00e9ano de resina grande 3D, decoraci\u00f3n de pared de sal\u00f3n de pintura moderna, decoraci\u00f3n costera, regalo para el hogar.<\/p>\n<p>\ud83d\udccc Puedo hacer cualquier color y tama\u00f1o del cuadro. Escr\u00edbeme qu\u00e9 color y\/o talla necesitas.<\/p>\n<p>\ud83d\udccc El hermoso y moderno arte de pared con olas del oc\u00e9ano es adecuado para la decoraci\u00f3n del dormitorio, la decoraci\u00f3n de la sala de estar, la decoraci\u00f3n del comedor, la escuela, la decoraci\u00f3n de la oficina o al aire libre en el jard\u00edn, el patio trasero o junto a la piscina, tambi\u00e9n se puede usar como un regalo para la madre, novia, novio&#8230;regalo de navidad, ideas para regalos de inauguraci\u00f3n de la casa.<\/p>\n<p>\ud83d\udccc Este arte de pared de resina es \u00fanico en su tipo, as\u00ed que tenga en cuenta que recibir\u00e1 un dise\u00f1o de aspecto similar al de la lista<\/p>\n<p>\ud83d\udccc Listo para colgar o exhibir en la pared<\/p>\n<p>\ud83d\udccc Si desea ver sus obras de arte antes de enviarlas, con gusto le enviar\u00e9 las fotos de cada obra.<\/p>","protected":false},"featured_media":698,"comment_status":"open","ping_status":"closed","template":"","meta":{"_acf_changed":false,"inline_featured_image":false,"_monsterinsights_skip_tracking":false,"_monsterinsights_sitenote_active":false,"_monsterinsights_sitenote_note":"","_monsterinsights_sitenote_category":0},"product_brand":[],"product_cat":[26],"product_tag":[],"class_list":{"0":"post-697","1":"product","2":"type-product","3":"status-publish","4":"has-post-thumbnail","6":"product_cat-obras-en-curso","8":"first","9":"instock","10":"taxable","11":"shipping-taxable","12":"purchasable","13":"product-type-simple"},"acf":[],"aioseo_notices":[],"yoast_head":"<!-- This site is optimized with the Yoast SEO plugin v26.4 - https:\/\/yoast.com\/wordpress\/plugins\/seo\/ -->\n<title>CUADRO PREMA - Tiffanie Epitie Resinartte<\/title>\n<meta name=\"robots\" content=\"index, follow, max-snippet:-1, max-image-preview:large, max-video-preview:-1\" \/>\n<link rel=\"canonical\" href=\"https:\/\/resinartte.com\/en\/product\/cuadro-prema\/\" \/>\n<meta property=\"og:locale\" content=\"en_GB\" \/>\n<meta property=\"og:type\" content=\"article\" \/>\n<meta property=\"og:title\" content=\"CUADRO PREMA - Tiffanie Epitie Resinartte\" \/>\n<meta property=\"og:description\" content=\"Amor en su forma m\u00e1s pura, desinteresada e incondicional que se brinda sin esperar nada a cambio. Obra de 60cm base DMF enganche listo para su puesta en destino.\ud83e\udef6\ud83c\udffc  Arte de pared de oc\u00e9ano de resina grande 3D, decoraci\u00f3n de pared de sal\u00f3n de pintura moderna, decoraci\u00f3n costera, regalo para el hogar.  \ud83d\udccc Puedo hacer cualquier color y tama\u00f1o del cuadro. Escr\u00edbeme qu\u00e9 color y\/o talla necesitas.  \ud83d\udccc El hermoso y moderno arte de pared con olas del oc\u00e9ano es adecuado para la decoraci\u00f3n del dormitorio, la decoraci\u00f3n de la sala de estar, la decoraci\u00f3n del comedor, la escuela, la decoraci\u00f3n de la oficina o al aire libre en el jard\u00edn, el patio trasero o junto a la piscina, tambi\u00e9n se puede usar como un regalo para la madre, novia, novio...regalo de navidad, ideas para regalos de inauguraci\u00f3n de la casa.  \ud83d\udccc Este arte de pared de resina es \u00fanico en su tipo, as\u00ed que tenga en cuenta que recibir\u00e1 un dise\u00f1o de aspecto similar al de la lista  \ud83d\udccc Listo para colgar o exhibir en la pared  \ud83d\udccc Si desea ver sus obras de arte antes de enviarlas, con gusto le enviar\u00e9 las fotos de cada obra.\" \/>\n<meta property=\"og:url\" content=\"https:\/\/resinartte.com\/en\/product\/cuadro-prema\/\" \/>\n<meta property=\"og:site_name\" content=\"Tiffanie Epitie Resinartte\" \/>\n<meta property=\"article:modified_time\" content=\"2024-03-20T10:05:42+00:00\" \/>\n<meta property=\"og:image\" content=\"https:\/\/resinartte.com\/wp-content\/uploads\/2024\/03\/Prema-Principal--scaled.jpg\" \/>\n\t<meta property=\"og:image:width\" content=\"2560\" \/>\n\t<meta property=\"og:image:height\" content=\"1704\" \/>\n\t<meta property=\"og:image:type\" content=\"image\/jpeg\" \/>\n<meta name=\"twitter:card\" content=\"summary_large_image\" \/>\n<meta name=\"twitter:label1\" content=\"Estimated reading time\" \/>\n\t<meta name=\"twitter:data1\" content=\"1 minute\" \/>\n<script type=\"application\/ld+json\" class=\"yoast-schema-graph\">{\"@context\":\"https:\/\/schema.org\",\"@graph\":[{\"@type\":\"WebPage\",\"@id\":\"https:\/\/resinartte.com\/producto\/cuadro-prema\/\",\"url\":\"https:\/\/resinartte.com\/producto\/cuadro-prema\/\",\"name\":\"CUADRO PREMA - Tiffanie Epitie Resinartte\",\"isPartOf\":{\"@id\":\"https:\/\/resinartte.com\/#website\"},\"primaryImageOfPage\":{\"@id\":\"https:\/\/resinartte.com\/producto\/cuadro-prema\/#primaryimage\"},\"image\":{\"@id\":\"https:\/\/resinartte.com\/producto\/cuadro-prema\/#primaryimage\"},\"thumbnailUrl\":\"https:\/\/resinartte.com\/wp-content\/uploads\/2024\/03\/Prema-Principal--scaled.jpg\",\"datePublished\":\"2024-03-15T13:00:18+00:00\",\"dateModified\":\"2024-03-20T10:05:42+00:00\",\"breadcrumb\":{\"@id\":\"https:\/\/resinartte.com\/producto\/cuadro-prema\/#breadcrumb\"},\"inLanguage\":\"en-GB\",\"potentialAction\":[{\"@type\":\"ReadAction\",\"target\":[\"https:\/\/resinartte.com\/producto\/cuadro-prema\/\"]}]},{\"@type\":\"ImageObject\",\"inLanguage\":\"en-GB\",\"@id\":\"https:\/\/resinartte.com\/producto\/cuadro-prema\/#primaryimage\",\"url\":\"https:\/\/resinartte.com\/wp-content\/uploads\/2024\/03\/Prema-Principal--scaled.jpg\",\"contentUrl\":\"https:\/\/resinartte.com\/wp-content\/uploads\/2024\/03\/Prema-Principal--scaled.jpg\",\"width\":2560,\"height\":1704,\"caption\":\"Imagen del cuadro Prema\"},{\"@type\":\"BreadcrumbList\",\"@id\":\"https:\/\/resinartte.com\/producto\/cuadro-prema\/#breadcrumb\",\"itemListElement\":[{\"@type\":\"ListItem\",\"position\":1,\"name\":\"Portada\",\"item\":\"https:\/\/resinartte.com\/\"},{\"@type\":\"ListItem\",\"position\":2,\"name\":\"Tienda\",\"item\":\"https:\/\/resinartte.com\/tienda\/\"},{\"@type\":\"ListItem\",\"position\":3,\"name\":\"CUADRO PREMA\"}]},{\"@type\":\"WebSite\",\"@id\":\"https:\/\/resinartte.com\/#website\",\"url\":\"https:\/\/resinartte.com\/\",\"name\":\"Tiffanie Epitie Resinartte\",\"description\":\"\",\"publisher\":{\"@id\":\"https:\/\/resinartte.com\/#organization\"},\"potentialAction\":[{\"@type\":\"SearchAction\",\"target\":{\"@type\":\"EntryPoint\",\"urlTemplate\":\"https:\/\/resinartte.com\/?s={search_term_string}\"},\"query-input\":{\"@type\":\"PropertyValueSpecification\",\"valueRequired\":true,\"valueName\":\"search_term_string\"}}],\"inLanguage\":\"en-GB\"},{\"@type\":\"Organization\",\"@id\":\"https:\/\/resinartte.com\/#organization\",\"name\":\"Tiffanie Epitie Resinartte\",\"url\":\"https:\/\/resinartte.com\/\",\"logo\":{\"@type\":\"ImageObject\",\"inLanguage\":\"en-GB\",\"@id\":\"https:\/\/resinartte.com\/#\/schema\/logo\/image\/\",\"url\":\"https:\/\/resinartte.com\/wp-content\/uploads\/2024\/05\/Transparente.svg\",\"contentUrl\":\"https:\/\/resinartte.com\/wp-content\/uploads\/2024\/05\/Transparente.svg\",\"width\":4077,\"height\":4096,\"caption\":\"Tiffanie Epitie Resinartte\"},\"image\":{\"@id\":\"https:\/\/resinartte.com\/#\/schema\/logo\/image\/\"}}]}<\/script>\n<!-- \/ Yoast SEO plugin. -->","yoast_head_json":{"title":"CUADRO PREMA - Tiffanie Epitie Resinartte","robots":{"index":"index","follow":"follow","max-snippet":"max-snippet:-1","max-image-preview":"max-image-preview:large","max-video-preview":"max-video-preview:-1"},"canonical":"https:\/\/resinartte.com\/en\/product\/cuadro-prema\/","og_locale":"en_GB","og_type":"article","og_title":"CUADRO PREMA - Tiffanie Epitie Resinartte","og_description":"Amor en su forma m\u00e1s pura, desinteresada e incondicional que se brinda sin esperar nada a cambio. Obra de 60cm base DMF enganche listo para su puesta en destino.\ud83e\udef6\ud83c\udffc  Arte de pared de oc\u00e9ano de resina grande 3D, decoraci\u00f3n de pared de sal\u00f3n de pintura moderna, decoraci\u00f3n costera, regalo para el hogar.  \ud83d\udccc Puedo hacer cualquier color y tama\u00f1o del cuadro. Escr\u00edbeme qu\u00e9 color y\/o talla necesitas.  \ud83d\udccc El hermoso y moderno arte de pared con olas del oc\u00e9ano es adecuado para la decoraci\u00f3n del dormitorio, la decoraci\u00f3n de la sala de estar, la decoraci\u00f3n del comedor, la escuela, la decoraci\u00f3n de la oficina o al aire libre en el jard\u00edn, el patio trasero o junto a la piscina, tambi\u00e9n se puede usar como un regalo para la madre, novia, novio...regalo de navidad, ideas para regalos de inauguraci\u00f3n de la casa.  \ud83d\udccc Este arte de pared de resina es \u00fanico en su tipo, as\u00ed que tenga en cuenta que recibir\u00e1 un dise\u00f1o de aspecto similar al de la lista  \ud83d\udccc Listo para colgar o exhibir en la pared  \ud83d\udccc Si desea ver sus obras de arte antes de enviarlas, con gusto le enviar\u00e9 las fotos de cada obra.","og_url":"https:\/\/resinartte.com\/en\/product\/cuadro-prema\/","og_site_name":"Tiffanie Epitie Resinartte","article_modified_time":"2024-03-20T10:05:42+00:00","og_image":[{"width":2560,"height":1704,"url":"https:\/\/resinartte.com\/wp-content\/uploads\/2024\/03\/Prema-Principal--scaled.jpg","type":"image\/jpeg"}],"twitter_card":"summary_large_image","twitter_misc":{"Estimated reading time":"1 minute"},"schema":{"@context":"https:\/\/schema.org","@graph":[{"@type":"WebPage","@id":"https:\/\/resinartte.com\/producto\/cuadro-prema\/","url":"https:\/\/resinartte.com\/producto\/cuadro-prema\/","name":"CUADRO PREMA - Tiffanie Epitie Resinartte","isPartOf":{"@id":"https:\/\/resinartte.com\/#website"},"primaryImageOfPage":{"@id":"https:\/\/resinartte.com\/producto\/cuadro-prema\/#primaryimage"},"image":{"@id":"https:\/\/resinartte.com\/producto\/cuadro-prema\/#primaryimage"},"thumbnailUrl":"https:\/\/resinartte.com\/wp-content\/uploads\/2024\/03\/Prema-Principal--scaled.jpg","datePublished":"2024-03-15T13:00:18+00:00","dateModified":"2024-03-20T10:05:42+00:00","breadcrumb":{"@id":"https:\/\/resinartte.com\/producto\/cuadro-prema\/#breadcrumb"},"inLanguage":"en-GB","potentialAction":[{"@type":"ReadAction","target":["https:\/\/resinartte.com\/producto\/cuadro-prema\/"]}]},{"@type":"ImageObject","inLanguage":"en-GB","@id":"https:\/\/resinartte.com\/producto\/cuadro-prema\/#primaryimage","url":"https:\/\/resinartte.com\/wp-content\/uploads\/2024\/03\/Prema-Principal--scaled.jpg","contentUrl":"https:\/\/resinartte.com\/wp-content\/uploads\/2024\/03\/Prema-Principal--scaled.jpg","width":2560,"height":1704,"caption":"Imagen del cuadro Prema"},{"@type":"BreadcrumbList","@id":"https:\/\/resinartte.com\/producto\/cuadro-prema\/#breadcrumb","itemListElement":[{"@type":"ListItem","position":1,"name":"Portada","item":"https:\/\/resinartte.com\/"},{"@type":"ListItem","position":2,"name":"Tienda","item":"https:\/\/resinartte.com\/tienda\/"},{"@type":"ListItem","position":3,"name":"CUADRO PREMA"}]},{"@type":"WebSite","@id":"https:\/\/resinartte.com\/#website","url":"https:\/\/resinartte.com\/","name":"Tiffanie Epitie Resinartte","description":"","publisher":{"@id":"https:\/\/resinartte.com\/#organization"},"potentialAction":[{"@type":"SearchAction","target":{"@type":"EntryPoint","urlTemplate":"https:\/\/resinartte.com\/?s={search_term_string}"},"query-input":{"@type":"PropertyValueSpecification","valueRequired":true,"valueName":"search_term_string"}}],"inLanguage":"en-GB"},{"@type":"Organization","@id":"https:\/\/resinartte.com\/#organization","name":"Tiffanie Epitie Resinartte","url":"https:\/\/resinartte.com\/","logo":{"@type":"ImageObject","inLanguage":"en-GB","@id":"https:\/\/resinartte.com\/#\/schema\/logo\/image\/","url":"https:\/\/resinartte.com\/wp-content\/uploads\/2024\/05\/Transparente.svg","contentUrl":"https:\/\/resinartte.com\/wp-content\/uploads\/2024\/05\/Transparente.svg","width":4077,"height":4096,"caption":"Tiffanie Epitie Resinartte"},"image":{"@id":"https:\/\/resinartte.com\/#\/schema\/logo\/image\/"}}]}},"jetpack_sharing_enabled":true,"_links":{"self":[{"href":"https:\/\/resinartte.com\/en\/wp-json\/wp\/v2\/product\/697","targetHints":{"allow":["GET"]}}],"collection":[{"href":"https:\/\/resinartte.com\/en\/wp-json\/wp\/v2\/product"}],"about":[{"href":"https:\/\/resinartte.com\/en\/wp-json\/wp\/v2\/types\/product"}],"replies":[{"embeddable":true,"href":"https:\/\/resinartte.com\/en\/wp-json\/wp\/v2\/comments?post=697"}],"wp:featuredmedia":[{"embeddable":true,"href":"https:\/\/resinartte.com\/en\/wp-json\/wp\/v2\/media\/698"}],"wp:attachment":[{"href":"https:\/\/resinartte.com\/en\/wp-json\/wp\/v2\/media?parent=697"}],"wp:term":[{"taxonomy":"product_brand","embeddable":true,"href":"https:\/\/resinartte.com\/en\/wp-json\/wp\/v2\/product_brand?post=697"},{"taxonomy":"product_cat","embeddable":true,"href":"https:\/\/resinartte.com\/en\/wp-json\/wp\/v2\/product_cat?post=697"},{"taxonomy":"product_tag","embeddable":true,"href":"https:\/\/resinartte.com\/en\/wp-json\/wp\/v2\/product_tag?post=697"}],"curies":[{"name":"wp","href":"https:\/\/api.w.org\/{rel}","templated":true}]}}