{"id":1084,"date":"2025-02-20T13:46:58","date_gmt":"2025-02-20T13:46:58","guid":{"rendered":"https:\/\/resinartte.com\/?post_type=product&#038;p=1084"},"modified":"2025-02-20T14:07:45","modified_gmt":"2025-02-20T14:07:45","slug":"costa-rica-arte-resina-oceano-efecto-playa","status":"publish","type":"product","link":"https:\/\/resinartte.com\/en\/product\/costa-rica-arte-resina-oceano-efecto-playa\/","title":{"rendered":"Costa Rica Emun\u00e1"},"content":{"rendered":"<p>Estar en alma.<\/p>\n<p>Obra realizada en varias capas con t\u00e9cnicas diferentes.<\/p>\n<p>Esta obra de arte es una pieza circular de \u00abOcean Art\u00bb creada con resina y materiales texturizados para representar una vista a\u00e9rea de una playa. La composici\u00f3n muestra un mar de tonos azules y turquesas con detalles oscuros que sugieren profundidad y arrecifes. La espuma blanca de las olas est\u00e1 lograda con un efecto transl\u00facido de resina, creando una apariencia realista del oleaje rompiendo en la orilla. La arena, con una textura mate y rugosa, contrasta con el brillo y la fluidez del agua, dando un efecto tridimensional.<\/p>\n<p>Es una pieza que evoca la belleza del oc\u00e9ano y transmite una sensaci\u00f3n de tranquilidad y conexi\u00f3n con la naturaleza. Su acabado brillante y la mezcla de t\u00e9cnicas la convierten en una obra elegante y visualmente impactante.<\/p>\n<p>Un homenaje a la belleza de los arrecifes de coral, sino que tambi\u00e9n sirve como un recordatorio visual de la fragilidad de estos ecosistemas.<\/p>","protected":false},"excerpt":{"rendered":"<p>Handmade<\/p>\n<p><strong>Shipping:\u00a0<\/strong>Ships from a small business in Spain<\/p>\n<p><strong>Materials:\u00a0<\/strong>Reinforced DMF and resin.<\/p>\n<p><strong>Measurements:\u00a0<\/strong>Circumference 80 centimeters, Depth 12 cm<\/p>\n<p><strong>Description<\/strong><strong>\u00f3<\/strong><strong>n:<\/strong><\/p>\n<p>Estar en alma.<\/p>\n<p>Obra realizada en varias capas con t\u00e9cnicas diferentes.<\/p>\n<p>Esta obra de arte es una pieza circular de \u00abOcean Art\u00bb creada con resina y materiales texturizados para representar una vista a\u00e9rea de una playa. La composici\u00f3n muestra un mar de tonos azules y turquesas con detalles oscuros que sugieren profundidad y arrecifes. La espuma blanca de las olas est\u00e1 lograda con un efecto transl\u00facido de resina, creando una apariencia realista del oleaje rompiendo en la orilla. La arena, con una textura mate y rugosa, contrasta con el brillo y la fluidez del agua, dando un efecto tridimensional.<\/p>\n<p>Es una pieza que evoca la belleza del oc\u00e9ano y transmite una sensaci\u00f3n de tranquilidad y conexi\u00f3n con la naturaleza. Su acabado brillante y la mezcla de t\u00e9cnicas la convierten en una obra elegante y visualmente impactante.<\/p>\n<p><strong>If you wish to see the artworks before shipping, I will gladly send you photos of each piece.<\/strong><\/p>","protected":false},"featured_media":1085,"comment_status":"open","ping_status":"closed","template":"","meta":{"_acf_changed":false,"inline_featured_image":false,"_monsterinsights_skip_tracking":false,"_monsterinsights_sitenote_active":false,"_monsterinsights_sitenote_note":"","_monsterinsights_sitenote_category":0},"product_brand":[],"product_cat":[26],"product_tag":[],"class_list":{"0":"post-1084","1":"product","2":"type-product","3":"status-publish","4":"has-post-thumbnail","6":"product_cat-obras-en-curso","8":"first","9":"instock","10":"taxable","11":"shipping-taxable","12":"purchasable","13":"product-type-simple"},"acf":[],"aioseo_notices":[],"yoast_head":"<!-- This site is optimized with the Yoast SEO plugin v26.4 - https:\/\/yoast.com\/wordpress\/plugins\/seo\/ -->\n<title>Costa Rica Emun\u00e1 - Tiffanie Epitie Resinartte<\/title>\n<meta name=\"description\" content=\"&quot;Explora la belleza del oc\u00e9ano con esta obra de arte en resina. Dise\u00f1o inspirado en la playa con efecto de olas realista, perfecto para la decoraci\u00f3n de interiores. \u00a1Dale un toque marino a tu espacio!&quot;\" \/>\n<meta name=\"robots\" content=\"index, follow, max-snippet:-1, max-image-preview:large, max-video-preview:-1\" \/>\n<link rel=\"canonical\" href=\"https:\/\/resinartte.com\/en\/product\/costa-rica-arte-resina-oceano-efecto-playa\/\" \/>\n<meta property=\"og:locale\" content=\"en_GB\" \/>\n<meta property=\"og:type\" content=\"article\" \/>\n<meta property=\"og:title\" content=\"Costa Rica Emun\u00e1 - Tiffanie Epitie Resinartte\" \/>\n<meta property=\"og:description\" content=\"&quot;Explora la belleza del oc\u00e9ano con esta obra de arte en resina. Dise\u00f1o inspirado en la playa con efecto de olas realista, perfecto para la decoraci\u00f3n de interiores. \u00a1Dale un toque marino a tu espacio!&quot;\" \/>\n<meta property=\"og:url\" content=\"https:\/\/resinartte.com\/en\/product\/costa-rica-arte-resina-oceano-efecto-playa\/\" \/>\n<meta property=\"og:site_name\" content=\"Tiffanie Epitie Resinartte\" \/>\n<meta property=\"article:modified_time\" content=\"2025-02-20T14:07:45+00:00\" \/>\n<meta property=\"og:image\" content=\"https:\/\/resinartte.com\/wp-content\/uploads\/2025\/02\/Costa-Rica-Emuna-scaled.jpg\" \/>\n\t<meta property=\"og:image:width\" content=\"2560\" \/>\n\t<meta property=\"og:image:height\" content=\"1703\" \/>\n\t<meta property=\"og:image:type\" content=\"image\/jpeg\" \/>\n<meta name=\"twitter:card\" content=\"summary_large_image\" \/>\n<meta name=\"twitter:label1\" content=\"Estimated reading time\" \/>\n\t<meta name=\"twitter:data1\" content=\"1 minute\" \/>\n<script type=\"application\/ld+json\" class=\"yoast-schema-graph\">{\"@context\":\"https:\/\/schema.org\",\"@graph\":[{\"@type\":\"WebPage\",\"@id\":\"https:\/\/resinartte.com\/producto\/costa-rica-arte-resina-oceano-efecto-playa\/\",\"url\":\"https:\/\/resinartte.com\/producto\/costa-rica-arte-resina-oceano-efecto-playa\/\",\"name\":\"Costa Rica Emun\u00e1 - Tiffanie Epitie Resinartte\",\"isPartOf\":{\"@id\":\"https:\/\/resinartte.com\/#website\"},\"primaryImageOfPage\":{\"@id\":\"https:\/\/resinartte.com\/producto\/costa-rica-arte-resina-oceano-efecto-playa\/#primaryimage\"},\"image\":{\"@id\":\"https:\/\/resinartte.com\/producto\/costa-rica-arte-resina-oceano-efecto-playa\/#primaryimage\"},\"thumbnailUrl\":\"https:\/\/resinartte.com\/wp-content\/uploads\/2025\/02\/Costa-Rica-Emuna-scaled.jpg\",\"datePublished\":\"2025-02-20T13:46:58+00:00\",\"dateModified\":\"2025-02-20T14:07:45+00:00\",\"description\":\"\\\"Explora la belleza del oc\u00e9ano con esta obra de arte en resina. Dise\u00f1o inspirado en la playa con efecto de olas realista, perfecto para la decoraci\u00f3n de interiores. \u00a1Dale un toque marino a tu espacio!\\\"\",\"breadcrumb\":{\"@id\":\"https:\/\/resinartte.com\/producto\/costa-rica-arte-resina-oceano-efecto-playa\/#breadcrumb\"},\"inLanguage\":\"en-GB\",\"potentialAction\":[{\"@type\":\"ReadAction\",\"target\":[\"https:\/\/resinartte.com\/producto\/costa-rica-arte-resina-oceano-efecto-playa\/\"]}]},{\"@type\":\"ImageObject\",\"inLanguage\":\"en-GB\",\"@id\":\"https:\/\/resinartte.com\/producto\/costa-rica-arte-resina-oceano-efecto-playa\/#primaryimage\",\"url\":\"https:\/\/resinartte.com\/wp-content\/uploads\/2025\/02\/Costa-Rica-Emuna-scaled.jpg\",\"contentUrl\":\"https:\/\/resinartte.com\/wp-content\/uploads\/2025\/02\/Costa-Rica-Emuna-scaled.jpg\",\"width\":2560,\"height\":1703,\"caption\":\"Imagen de un cuadro de Resinartte\"},{\"@type\":\"BreadcrumbList\",\"@id\":\"https:\/\/resinartte.com\/producto\/costa-rica-arte-resina-oceano-efecto-playa\/#breadcrumb\",\"itemListElement\":[{\"@type\":\"ListItem\",\"position\":1,\"name\":\"Portada\",\"item\":\"https:\/\/resinartte.com\/\"},{\"@type\":\"ListItem\",\"position\":2,\"name\":\"Tienda\",\"item\":\"https:\/\/resinartte.com\/tienda\/\"},{\"@type\":\"ListItem\",\"position\":3,\"name\":\"Costa Rica Emun\u00e1\"}]},{\"@type\":\"WebSite\",\"@id\":\"https:\/\/resinartte.com\/#website\",\"url\":\"https:\/\/resinartte.com\/\",\"name\":\"Tiffanie Epitie Resinartte\",\"description\":\"\",\"publisher\":{\"@id\":\"https:\/\/resinartte.com\/#organization\"},\"potentialAction\":[{\"@type\":\"SearchAction\",\"target\":{\"@type\":\"EntryPoint\",\"urlTemplate\":\"https:\/\/resinartte.com\/?s={search_term_string}\"},\"query-input\":{\"@type\":\"PropertyValueSpecification\",\"valueRequired\":true,\"valueName\":\"search_term_string\"}}],\"inLanguage\":\"en-GB\"},{\"@type\":\"Organization\",\"@id\":\"https:\/\/resinartte.com\/#organization\",\"name\":\"Tiffanie Epitie Resinartte\",\"url\":\"https:\/\/resinartte.com\/\",\"logo\":{\"@type\":\"ImageObject\",\"inLanguage\":\"en-GB\",\"@id\":\"https:\/\/resinartte.com\/#\/schema\/logo\/image\/\",\"url\":\"https:\/\/resinartte.com\/wp-content\/uploads\/2024\/05\/Transparente.svg\",\"contentUrl\":\"https:\/\/resinartte.com\/wp-content\/uploads\/2024\/05\/Transparente.svg\",\"width\":4077,\"height\":4096,\"caption\":\"Tiffanie Epitie Resinartte\"},\"image\":{\"@id\":\"https:\/\/resinartte.com\/#\/schema\/logo\/image\/\"}}]}<\/script>\n<!-- \/ Yoast SEO plugin. -->","yoast_head_json":{"title":"Costa Rica Emun\u00e1 - Tiffanie Epitie Resinartte","description":"\"Explora la belleza del oc\\u00e9ano con esta obra de arte en resina. Dise\\u00f1o inspirado en la playa con efecto de olas realista, perfecto para la decoraci\\u00f3n de interiores. \\u00a1Dale un toque marino a tu espacio!\"","robots":{"index":"index","follow":"follow","max-snippet":"max-snippet:-1","max-image-preview":"max-image-preview:large","max-video-preview":"max-video-preview:-1"},"canonical":"https:\/\/resinartte.com\/en\/product\/costa-rica-arte-resina-oceano-efecto-playa\/","og_locale":"en_GB","og_type":"article","og_title":"Costa Rica Emun\u00e1 - Tiffanie Epitie Resinartte","og_description":"\"Explora la belleza del oc\u00e9ano con esta obra de arte en resina. Dise\u00f1o inspirado en la playa con efecto de olas realista, perfecto para la decoraci\u00f3n de interiores. \u00a1Dale un toque marino a tu espacio!\"","og_url":"https:\/\/resinartte.com\/en\/product\/costa-rica-arte-resina-oceano-efecto-playa\/","og_site_name":"Tiffanie Epitie Resinartte","article_modified_time":"2025-02-20T14:07:45+00:00","og_image":[{"width":2560,"height":1703,"url":"https:\/\/resinartte.com\/wp-content\/uploads\/2025\/02\/Costa-Rica-Emuna-scaled.jpg","type":"image\/jpeg"}],"twitter_card":"summary_large_image","twitter_misc":{"Estimated reading time":"1 minute"},"schema":{"@context":"https:\/\/schema.org","@graph":[{"@type":"WebPage","@id":"https:\/\/resinartte.com\/producto\/costa-rica-arte-resina-oceano-efecto-playa\/","url":"https:\/\/resinartte.com\/producto\/costa-rica-arte-resina-oceano-efecto-playa\/","name":"Costa Rica Emun\u00e1 - Tiffanie Epitie Resinartte","isPartOf":{"@id":"https:\/\/resinartte.com\/#website"},"primaryImageOfPage":{"@id":"https:\/\/resinartte.com\/producto\/costa-rica-arte-resina-oceano-efecto-playa\/#primaryimage"},"image":{"@id":"https:\/\/resinartte.com\/producto\/costa-rica-arte-resina-oceano-efecto-playa\/#primaryimage"},"thumbnailUrl":"https:\/\/resinartte.com\/wp-content\/uploads\/2025\/02\/Costa-Rica-Emuna-scaled.jpg","datePublished":"2025-02-20T13:46:58+00:00","dateModified":"2025-02-20T14:07:45+00:00","description":"\"Explora la belleza del oc\\u00e9ano con esta obra de arte en resina. Dise\\u00f1o inspirado en la playa con efecto de olas realista, perfecto para la decoraci\\u00f3n de interiores. \\u00a1Dale un toque marino a tu espacio!\"","breadcrumb":{"@id":"https:\/\/resinartte.com\/producto\/costa-rica-arte-resina-oceano-efecto-playa\/#breadcrumb"},"inLanguage":"en-GB","potentialAction":[{"@type":"ReadAction","target":["https:\/\/resinartte.com\/producto\/costa-rica-arte-resina-oceano-efecto-playa\/"]}]},{"@type":"ImageObject","inLanguage":"en-GB","@id":"https:\/\/resinartte.com\/producto\/costa-rica-arte-resina-oceano-efecto-playa\/#primaryimage","url":"https:\/\/resinartte.com\/wp-content\/uploads\/2025\/02\/Costa-Rica-Emuna-scaled.jpg","contentUrl":"https:\/\/resinartte.com\/wp-content\/uploads\/2025\/02\/Costa-Rica-Emuna-scaled.jpg","width":2560,"height":1703,"caption":"Imagen de un cuadro de Resinartte"},{"@type":"BreadcrumbList","@id":"https:\/\/resinartte.com\/producto\/costa-rica-arte-resina-oceano-efecto-playa\/#breadcrumb","itemListElement":[{"@type":"ListItem","position":1,"name":"Portada","item":"https:\/\/resinartte.com\/"},{"@type":"ListItem","position":2,"name":"Tienda","item":"https:\/\/resinartte.com\/tienda\/"},{"@type":"ListItem","position":3,"name":"Costa Rica Emun\u00e1"}]},{"@type":"WebSite","@id":"https:\/\/resinartte.com\/#website","url":"https:\/\/resinartte.com\/","name":"Tiffanie Epitie Resinartte","description":"","publisher":{"@id":"https:\/\/resinartte.com\/#organization"},"potentialAction":[{"@type":"SearchAction","target":{"@type":"EntryPoint","urlTemplate":"https:\/\/resinartte.com\/?s={search_term_string}"},"query-input":{"@type":"PropertyValueSpecification","valueRequired":true,"valueName":"search_term_string"}}],"inLanguage":"en-GB"},{"@type":"Organization","@id":"https:\/\/resinartte.com\/#organization","name":"Tiffanie Epitie Resinartte","url":"https:\/\/resinartte.com\/","logo":{"@type":"ImageObject","inLanguage":"en-GB","@id":"https:\/\/resinartte.com\/#\/schema\/logo\/image\/","url":"https:\/\/resinartte.com\/wp-content\/uploads\/2024\/05\/Transparente.svg","contentUrl":"https:\/\/resinartte.com\/wp-content\/uploads\/2024\/05\/Transparente.svg","width":4077,"height":4096,"caption":"Tiffanie Epitie Resinartte"},"image":{"@id":"https:\/\/resinartte.com\/#\/schema\/logo\/image\/"}}]}},"jetpack_sharing_enabled":true,"_links":{"self":[{"href":"https:\/\/resinartte.com\/en\/wp-json\/wp\/v2\/product\/1084","targetHints":{"allow":["GET"]}}],"collection":[{"href":"https:\/\/resinartte.com\/en\/wp-json\/wp\/v2\/product"}],"about":[{"href":"https:\/\/resinartte.com\/en\/wp-json\/wp\/v2\/types\/product"}],"replies":[{"embeddable":true,"href":"https:\/\/resinartte.com\/en\/wp-json\/wp\/v2\/comments?post=1084"}],"wp:featuredmedia":[{"embeddable":true,"href":"https:\/\/resinartte.com\/en\/wp-json\/wp\/v2\/media\/1085"}],"wp:attachment":[{"href":"https:\/\/resinartte.com\/en\/wp-json\/wp\/v2\/media?parent=1084"}],"wp:term":[{"taxonomy":"product_brand","embeddable":true,"href":"https:\/\/resinartte.com\/en\/wp-json\/wp\/v2\/product_brand?post=1084"},{"taxonomy":"product_cat","embeddable":true,"href":"https:\/\/resinartte.com\/en\/wp-json\/wp\/v2\/product_cat?post=1084"},{"taxonomy":"product_tag","embeddable":true,"href":"https:\/\/resinartte.com\/en\/wp-json\/wp\/v2\/product_tag?post=1084"}],"curies":[{"name":"wp","href":"https:\/\/api.w.org\/{rel}","templated":true}]}}